{"id":972,"date":"2025-07-04T17:06:47","date_gmt":"2025-07-04T15:06:47","guid":{"rendered":"https:\/\/strategie-foret.brouchoud.dev\/?page_id=972"},"modified":"2025-07-04T17:06:48","modified_gmt":"2025-07-04T15:06:48","slug":"objectifs-sociaux-et-culturels","status":"publish","type":"page","link":"https:\/\/strategie-foret.brouchoud.dev\/de\/objectifs-sociaux-et-culturels\/","title":{"rendered":"Objectifs sociaux et culturels"},"content":{"rendered":"<h3 class=\"wp-block-heading\">La for\u00eat comme espace de vie, de bien-\u00eatre et de lien social<\/h3>\n\n\n\n<p>Au-del\u00e0 de sa fonction \u00e9cologique et \u00e9conomique, la for\u00eat joue un r\u00f4le fondamental dans la qualit\u00e9 de vie des habitantes et habitants du Valais. Elle offre un espace de d\u00e9tente, de ressourcement et de convivialit\u00e9. Gr\u00e2ce \u00e0 des <strong>sentiers accessibles et entretenus<\/strong>, des <strong>aires de repos<\/strong> et des <strong>parcours p\u00e9dagogiques<\/strong>, la for\u00eat devient un lieu propice aux activit\u00e9s de plein air telles que la randonn\u00e9e, le v\u00e9lo, l\u2019observation de la nature ou tout simplement la promenade en famille.<\/p>\n\n\n\n<p>Ces espaces favorisent le <strong>bien-\u00eatre physique et psychologique<\/strong>, en particulier dans un contexte o\u00f9 la connexion \u00e0 la nature est reconnue comme essentielle \u00e0 la sant\u00e9 publique.<\/p>\n\n\n\n<h3 class=\"wp-block-heading\">Une for\u00eat pour apprendre et transmettre<\/h3>\n\n\n\n<p>La <strong>sensibilisation de la population<\/strong> aux enjeux \u00e9cologiques et \u00e0 la multifonctionnalit\u00e9 de la for\u00eat est un axe fort de la gestion foresti\u00e8re. Des <strong>programmes d\u2019\u00e9ducation \u00e0 l\u2019environnement<\/strong>, des <strong>journ\u00e9es th\u00e9matiques<\/strong> et des <strong>activit\u00e9s p\u00e9dagogiques en for\u00eat<\/strong> permettent aux enfants, aux jeunes et aux adultes de mieux comprendre les r\u00f4les multiples de la for\u00eat et les principes de sa gestion durable.<\/p>\n\n\n\n<p>Cette dimension \u00e9ducative contribue \u00e0 renforcer le lien entre la population et son environnement, tout en favorisant une <strong>utilisation responsable et respectueuse<\/strong> de l\u2019espace forestier.<\/p>\n\n\n\n<h3 class=\"wp-block-heading\">Un patrimoine culturel vivant<\/h3>\n\n\n\n<p>Les for\u00eats valaisannes sont profond\u00e9ment ancr\u00e9es dans l\u2019histoire et les traditions locales. Elles sont notamment li\u00e9es \u00e0 l\u2019organisation des <strong>bourgeoisies<\/strong>, \u00e0 la gestion collective des ressources et \u00e0 des usages transmis de g\u00e9n\u00e9ration en g\u00e9n\u00e9ration. La for\u00eat fait partie int\u00e9grante de l\u2019<strong>identit\u00e9 culturelle<\/strong> de nombreuses communes valaisannes.<\/p>\n\n\n\n<p>Pr\u00e9server ce <strong>patrimoine forestier<\/strong>, c\u2019est aussi transmettre une m\u00e9moire vivante, des savoir-faire traditionnels et un rapport au territoire fond\u00e9 sur le respect, la solidarit\u00e9 et l\u2019ancrage local.<\/p>\n\n\n\n<h3 class=\"wp-block-heading\">Une approche int\u00e9grative pour un avenir durable<\/h3>\n\n\n\n<p>En int\u00e9grant les objectifs <strong>\u00e9cologiques<\/strong>, <strong>\u00e9conomiques<\/strong> et <strong>socio-culturels<\/strong>, la gestion foresti\u00e8re en Valais adopte une approche globale. Elle reconna\u00eet la <strong>complexit\u00e9 des fonctions foresti\u00e8res<\/strong> et vise \u00e0 assurer un \u00e9quilibre durable entre les attentes de la soci\u00e9t\u00e9, la protection des \u00e9cosyst\u00e8mes et la valorisation des ressources.<\/p>","protected":false},"excerpt":{"rendered":"<p>La for\u00eat comme espace de vie, de bien-\u00eatre et de lien social Au-del\u00e0 de sa fonction \u00e9cologique et \u00e9conomique, la for\u00eat joue un r\u00f4le fondamental dans la qualit\u00e9 de vie des habitantes et habitants du Valais. Elle offre un espace de d\u00e9tente, de ressourcement et de convivialit\u00e9. Gr\u00e2ce \u00e0 des sentiers accessibles et entretenus, des [&hellip;]<\/p>","protected":false},"author":1,"featured_media":0,"parent":0,"menu_order":0,"comment_status":"closed","ping_status":"closed","template":"","meta":{"footnotes":""},"class_list":["post-972","page","type-page","status-publish","hentry"],"_links":{"self":[{"href":"https:\/\/strategie-foret.brouchoud.dev\/de\/wp-json\/wp\/v2\/pages\/972","targetHints":{"allow":["GET"]}}],"collection":[{"href":"https:\/\/strategie-foret.brouchoud.dev\/de\/wp-json\/wp\/v2\/pages"}],"about":[{"href":"https:\/\/strategie-foret.brouchoud.dev\/de\/wp-json\/wp\/v2\/types\/page"}],"author":[{"embeddable":true,"href":"https:\/\/strategie-foret.brouchoud.dev\/de\/wp-json\/wp\/v2\/users\/1"}],"replies":[{"embeddable":true,"href":"https:\/\/strategie-foret.brouchoud.dev\/de\/wp-json\/wp\/v2\/comments?post=972"}],"version-history":[{"count":1,"href":"https:\/\/strategie-foret.brouchoud.dev\/de\/wp-json\/wp\/v2\/pages\/972\/revisions"}],"predecessor-version":[{"id":973,"href":"https:\/\/strategie-foret.brouchoud.dev\/de\/wp-json\/wp\/v2\/pages\/972\/revisions\/973"}],"wp:attachment":[{"href":"https:\/\/strategie-foret.brouchoud.dev\/de\/wp-json\/wp\/v2\/media?parent=972"}],"curies":[{"name":"wp","href":"https:\/\/api.w.org\/{rel}","templated":true}]}}