{"id":968,"date":"2025-07-04T17:04:33","date_gmt":"2025-07-04T15:04:33","guid":{"rendered":"https:\/\/strategie-foret.brouchoud.dev\/?page_id=968"},"modified":"2025-07-04T17:04:33","modified_gmt":"2025-07-04T15:04:33","slug":"objectifs-ecologiques","status":"publish","type":"page","link":"https:\/\/strategie-foret.brouchoud.dev\/de\/objectifs-ecologiques\/","title":{"rendered":"Objectifs \u00e9cologiques"},"content":{"rendered":"<h3 class=\"wp-block-heading\">Une vision durable pour les for\u00eats valaisannes<\/h3>\n\n\n\n<p>Les objectifs \u00e9cologiques de la gestion foresti\u00e8re dans le canton du Valais s\u2019inscrivent dans une strat\u00e9gie tourn\u00e9e vers la durabilit\u00e9 et la r\u00e9silience \u00e0 long terme. La protection et la promotion des processus naturels au sein des for\u00eats jouent un r\u00f4le central pour garantir la stabilit\u00e9 \u00e9cologique, pr\u00e9server la biodiversit\u00e9 et r\u00e9pondre aux d\u00e9fis du changement climatique.<\/p>\n\n\n\n<h3 class=\"wp-block-heading\">Favoriser la r\u00e9g\u00e9n\u00e9ration naturelle<\/h3>\n\n\n\n<p>L\u2019un des axes cl\u00e9s de cette strat\u00e9gie est la promotion de la r\u00e9g\u00e9n\u00e9ration naturelle des for\u00eats. En encourageant la croissance d\u2019esp\u00e8ces d\u2019arbres adapt\u00e9es aux conditions locales \u2013 tant climatiques que g\u00e9ologiques \u2013 on renforce la capacit\u00e9 de r\u00e9silience des \u00e9cosyst\u00e8mes forestiers. Cela permet non seulement de maintenir les fonctions \u00e9cologiques de la for\u00eat, mais aussi de pr\u00e9parer les peuplements aux al\u00e9as futurs, comme les s\u00e9cheresses ou les attaques biologiques.<\/p>\n\n\n\n<h3 class=\"wp-block-heading\">Prot\u00e9ger et restaurer la biodiversit\u00e9<\/h3>\n\n\n\n<p>Les for\u00eats valaisannes abritent une grande diversit\u00e9 d\u2019esp\u00e8ces animales et v\u00e9g\u00e9tales. La gestion foresti\u00e8re a pour objectif de pr\u00e9server ces habitats en mettant en place des r\u00e9seaux \u00e9cologiques fonctionnels et en prot\u00e9geant les esp\u00e8ces menac\u00e9es.<\/p>\n\n\n\n<p>Des mesures concr\u00e8tes sont \u00e9galement prises pour conserver le bois mort et les arbres \u00e2g\u00e9s, qui offrent des refuges indispensables \u00e0 de nombreuses esp\u00e8ces sp\u00e9cialis\u00e9es. Toutefois, la quantit\u00e9 exacte de bois mort \u00e0 maintenir reste encore insuffisamment d\u00e9finie dans les lignes directrices actuelles. Ce manque de clart\u00e9 peut entra\u00eener une accumulation excessive, rendant parfois difficile l\u2019exploitation raisonn\u00e9e d\u2019autres ressources et compliquant l\u2019entretien des for\u00eats.<\/p>\n\n\n\n<h3 class=\"wp-block-heading\">Adapter les for\u00eats au changement climatique<\/h3>\n\n\n\n<p>Face \u00e0 l\u2019augmentation des temp\u00e9ratures et \u00e0 la fr\u00e9quence accrue des \u00e9pisodes de s\u00e9cheresse, l\u2019adaptation des for\u00eats valaisannes au changement climatique devient une priorit\u00e9. Il est essentiel de favoriser des esp\u00e8ces d\u2019arbres capables de r\u00e9sister aux nouvelles conditions climatiques.<\/p>\n\n\n\n<p>La diversification des essences joue ici un r\u00f4le central : des for\u00eats plus diversifi\u00e9es sont non seulement plus stables, mais aussi mieux pr\u00e9par\u00e9es aux maladies, aux parasites et aux \u00e9v\u00e9nements climatiques extr\u00eames.<\/p>\n\n\n\n<p>L\u2019exemple de l\u2019Allemagne illustre bien l\u2019importance de cette diversit\u00e9 : apr\u00e8s la Seconde Guerre mondiale, de vastes monocultures d\u2019\u00e9pic\u00e9as y ont \u00e9t\u00e9 plant\u00e9es pour reboiser rapidement. Cependant, ces arbres \u00e0 racines superficielles sont aujourd\u2019hui particuli\u00e8rement vuln\u00e9rables aux temp\u00eates, \u00e0 la s\u00e9cheresse et aux infestations. R\u00e9sultat : quatre arbres sur cinq y sont d\u00e9sormais en mauvais \u00e9tat (BMEL, 2023 ; SWR, n.d<\/p>","protected":false},"excerpt":{"rendered":"<p>Une vision durable pour les for\u00eats valaisannes Les objectifs \u00e9cologiques de la gestion foresti\u00e8re dans le canton du Valais s\u2019inscrivent dans une strat\u00e9gie tourn\u00e9e vers la durabilit\u00e9 et la r\u00e9silience \u00e0 long terme. La protection et la promotion des processus naturels au sein des for\u00eats jouent un r\u00f4le central pour garantir la stabilit\u00e9 \u00e9cologique, pr\u00e9server [&hellip;]<\/p>","protected":false},"author":1,"featured_media":0,"parent":0,"menu_order":0,"comment_status":"closed","ping_status":"closed","template":"","meta":{"footnotes":""},"class_list":["post-968","page","type-page","status-publish","hentry"],"_links":{"self":[{"href":"https:\/\/strategie-foret.brouchoud.dev\/de\/wp-json\/wp\/v2\/pages\/968","targetHints":{"allow":["GET"]}}],"collection":[{"href":"https:\/\/strategie-foret.brouchoud.dev\/de\/wp-json\/wp\/v2\/pages"}],"about":[{"href":"https:\/\/strategie-foret.brouchoud.dev\/de\/wp-json\/wp\/v2\/types\/page"}],"author":[{"embeddable":true,"href":"https:\/\/strategie-foret.brouchoud.dev\/de\/wp-json\/wp\/v2\/users\/1"}],"replies":[{"embeddable":true,"href":"https:\/\/strategie-foret.brouchoud.dev\/de\/wp-json\/wp\/v2\/comments?post=968"}],"version-history":[{"count":1,"href":"https:\/\/strategie-foret.brouchoud.dev\/de\/wp-json\/wp\/v2\/pages\/968\/revisions"}],"predecessor-version":[{"id":969,"href":"https:\/\/strategie-foret.brouchoud.dev\/de\/wp-json\/wp\/v2\/pages\/968\/revisions\/969"}],"wp:attachment":[{"href":"https:\/\/strategie-foret.brouchoud.dev\/de\/wp-json\/wp\/v2\/media?parent=968"}],"curies":[{"name":"wp","href":"https:\/\/api.w.org\/{rel}","templated":true}]}}