{"id":965,"date":"2025-07-04T16:48:57","date_gmt":"2025-07-04T14:48:57","guid":{"rendered":"https:\/\/strategie-foret.brouchoud.dev\/?page_id=965"},"modified":"2025-07-04T16:48:58","modified_gmt":"2025-07-04T14:48:58","slug":"objectifs","status":"publish","type":"page","link":"https:\/\/strategie-foret.brouchoud.dev\/de\/objectifs\/","title":{"rendered":"Objectifs"},"content":{"rendered":"<p>La for\u00eat suisse est un \u00e9cosyst\u00e8me multifonctionnel d&rsquo;une valeur inestimable. Elle couvre plus de 30\u202f% du territoire national et joue un r\u00f4le fondamental \u00e0 l&rsquo;interface entre <strong>\u00e9cologie, \u00e9conomie et soci\u00e9t\u00e9<\/strong>. Dans un contexte marqu\u00e9 par le <strong>changement climatique<\/strong>, l\u2019\u00e9rosion de la <strong>biodiversit\u00e9<\/strong>, la transition \u00e9nerg\u00e9tique et des attentes sociales croissantes, la gestion durable des for\u00eats devient un <strong>enjeu strat\u00e9gique majeur<\/strong>.<\/p>\n\n\n\n<p>La <strong>gestion foresti\u00e8re<\/strong> ne consiste plus uniquement \u00e0 produire du bois, mais \u00e0 <strong>assurer l\u2019\u00e9quilibre entre plusieurs fonctions essentielles<\/strong> :<\/p>\n\n\n\n<ul class=\"wp-block-list\">\n<li><strong>Fonctions \u00e9cologiques<\/strong>, telles que la conservation de la biodiversit\u00e9, la s\u00e9questration du carbone, la r\u00e9gulation de l\u2019eau ou encore la stabilisation des sols\u202f;<\/li>\n\n\n\n<li><strong>Fonctions \u00e9conomiques<\/strong>, notamment la production de bois d\u2019\u0153uvre, de bois \u00e9nergie ou de biomasse, le soutien aux fili\u00e8res locales et la valorisation des ressources renouvelables\u202f;<\/li>\n\n\n\n<li><strong>Fonctions sociales et culturelles<\/strong>, allant de l\u2019accueil du public et la sant\u00e9 au patrimoine vivant, en passant par la formation, l\u2019\u00e9ducation \u00e0 l\u2019environnement et le tourisme doux\u202f;<\/li>\n\n\n\n<li><strong>Fonction de protection<\/strong>, cruciale dans les zones alpines, o\u00f9 la for\u00eat agit comme barri\u00e8re naturelle contre les avalanches, les chutes de pierres et les inondations.<\/li>\n<\/ul>\n\n\n\n<p>Dans ce cadre, les <strong>objectifs de la gestion foresti\u00e8re<\/strong> s\u2019articulent autour de trois piliers fondamentaux :<\/p>\n\n\n\n<h3 class=\"wp-block-heading\">1. <strong>Pr\u00e9server et renforcer les fonctions \u00e9cosyst\u00e9miques de la for\u00eat<\/strong><\/h3>\n\n\n\n<p>Cela implique de maintenir la r\u00e9silience des peuplements face aux perturbations climatiques, d\u2019assurer la r\u00e9g\u00e9n\u00e9ration naturelle des esp\u00e8ces adapt\u00e9es, et de garantir la stabilit\u00e9 des \u00e9cosyst\u00e8mes forestiers \u00e0 long terme. Cela suppose \u00e9galement la pr\u00e9servation d\u2019habitats prioritaires, la protection du sol et de la ressource en eau, ainsi que la lutte contre les esp\u00e8ces envahissantes et les pressions anthropiques.<\/p>\n\n\n\n<h3 class=\"wp-block-heading\">2. <strong>Optimiser la valorisation durable des ressources foresti\u00e8res<\/strong><\/h3>\n\n\n\n<p>La for\u00eat fournit des mati\u00e8res premi\u00e8res renouvelables, strat\u00e9giques pour une \u00e9conomie circulaire et sobre en carbone. La gestion foresti\u00e8re vise \u00e0 mobiliser le bois de mani\u00e8re raisonn\u00e9e, selon les principes de la <strong>kaskadennutzung<\/strong> (utilisation en cascade), tout en soutenant les circuits courts et les emplois locaux. Elle participe aussi \u00e0 la diversification des produits forestiers et \u00e0 la structuration des march\u00e9s r\u00e9gionaux du bois.<\/p>\n\n\n\n<h3 class=\"wp-block-heading\">3. <strong>Assurer une gouvernance partag\u00e9e et inclusive<\/strong><\/h3>\n\n\n\n<p>La for\u00eat suisse est souvent un <strong>bien commun<\/strong>, d\u00e9tenu par des bourgeoisies, des communes ou des coop\u00e9ratives. Sa gestion doit int\u00e9grer une multiplicit\u00e9 d\u2019acteurs \u2013 forestiers, propri\u00e9taires, scientifiques, collectivit\u00e9s publiques, citoyens \u2013 dans une logique de concertation et de co-responsabilit\u00e9. Cela n\u00e9cessite des outils de planification territoriale, de participation, de formation continue et de financement innovant (ex. paiements pour services \u00e9cosyst\u00e9miques, cr\u00e9dits carbone, subventions cibl\u00e9es).<\/p>","protected":false},"excerpt":{"rendered":"<p>La for\u00eat suisse est un \u00e9cosyst\u00e8me multifonctionnel d&rsquo;une valeur inestimable. Elle couvre plus de 30\u202f% du territoire national et joue un r\u00f4le fondamental \u00e0 l&rsquo;interface entre \u00e9cologie, \u00e9conomie et soci\u00e9t\u00e9. Dans un contexte marqu\u00e9 par le changement climatique, l\u2019\u00e9rosion de la biodiversit\u00e9, la transition \u00e9nerg\u00e9tique et des attentes sociales croissantes, la gestion durable des for\u00eats [&hellip;]<\/p>","protected":false},"author":1,"featured_media":0,"parent":0,"menu_order":0,"comment_status":"closed","ping_status":"closed","template":"","meta":{"footnotes":""},"class_list":["post-965","page","type-page","status-publish","hentry"],"_links":{"self":[{"href":"https:\/\/strategie-foret.brouchoud.dev\/de\/wp-json\/wp\/v2\/pages\/965","targetHints":{"allow":["GET"]}}],"collection":[{"href":"https:\/\/strategie-foret.brouchoud.dev\/de\/wp-json\/wp\/v2\/pages"}],"about":[{"href":"https:\/\/strategie-foret.brouchoud.dev\/de\/wp-json\/wp\/v2\/types\/page"}],"author":[{"embeddable":true,"href":"https:\/\/strategie-foret.brouchoud.dev\/de\/wp-json\/wp\/v2\/users\/1"}],"replies":[{"embeddable":true,"href":"https:\/\/strategie-foret.brouchoud.dev\/de\/wp-json\/wp\/v2\/comments?post=965"}],"version-history":[{"count":1,"href":"https:\/\/strategie-foret.brouchoud.dev\/de\/wp-json\/wp\/v2\/pages\/965\/revisions"}],"predecessor-version":[{"id":966,"href":"https:\/\/strategie-foret.brouchoud.dev\/de\/wp-json\/wp\/v2\/pages\/965\/revisions\/966"}],"wp:attachment":[{"href":"https:\/\/strategie-foret.brouchoud.dev\/de\/wp-json\/wp\/v2\/media?parent=965"}],"curies":[{"name":"wp","href":"https:\/\/api.w.org\/{rel}","templated":true}]}}