{"id":962,"date":"2025-07-04T16:22:25","date_gmt":"2025-07-04T14:22:25","guid":{"rendered":"https:\/\/strategie-foret.brouchoud.dev\/?page_id=962"},"modified":"2025-07-23T06:57:35","modified_gmt":"2025-07-23T04:57:35","slug":"le-context","status":"publish","type":"page","link":"https:\/\/strategie-foret.brouchoud.dev\/de\/le-context\/","title":{"rendered":"Le context"},"content":{"rendered":"<p>Les for\u00eats valaisannes ont toujours occup\u00e9 une place centrale dans la vie des habitants du canton, fa\u00e7onnant l&rsquo;identit\u00e9 locale et le paysage. Aujourd&rsquo;hui, elles couvrent environ un quart du territoire cantonal et jouent un r\u00f4le vital pour notre environnement, notre \u00e9conomie et notre s\u00e9curit\u00e9. Cependant, leur avenir est confront\u00e9 \u00e0 plusieurs d\u00e9fis majeurs.<\/p>\n\n\n\n<p>Le changement climatique entra\u00eene des p\u00e9riodes de s\u00e9cheresse prolong\u00e9es et augmente la fr\u00e9quence des temp\u00eates et des incendies, mena\u00e7ant ainsi la sant\u00e9 des arbres et l&rsquo;\u00e9quilibre \u00e9cologique. Parall\u00e8lement, l\u2019abandon progressif de certaines pratiques agricoles en montagne favorise une expansion naturelle des surfaces foresti\u00e8res, ce qui renforce certes la protection contre les dangers naturels, mais entra\u00eene aussi la perte progressive d\u2019habitats ouverts essentiels \u00e0 une biodiversit\u00e9 vari\u00e9e.<\/p>\n\n\n\n<p>Dans ce contexte, il est devenu indispensable de repenser la gestion des for\u00eats valaisannes de mani\u00e8re globale et durable. C\u2019est pourquoi le canton du Valais a lanc\u00e9 le projet \u00ab\u202fStrat\u00e9gie For\u00eat\u202f\u00bb, en lien direct avec son Agenda 2030, afin de pr\u00e9server les multiples fonctions de la for\u00eat tout en r\u00e9pondant aux d\u00e9fis climatiques et socio-\u00e9conomiques actuels. Cette d\u00e9marche innovante s\u2019appuie fortement sur la participation des habitants, des professionnels du secteur forestier et des collectivit\u00e9s locales, afin de construire ensemble une vision partag\u00e9e pour nos for\u00eats.<\/p>\n\n\n\n<p>En r\u00e9sum\u00e9, face aux enjeux complexes d&rsquo;aujourd\u2019hui, la Strat\u00e9gie For\u00eat Valais vise \u00e0 assurer que nos for\u00eats continuent d\u2019offrir leurs nombreux bienfaits aux g\u00e9n\u00e9rations pr\u00e9sentes et futures, tout en s\u2019adaptant aux changements rapides auxquels elles doivent faire face.<\/p>","protected":false},"excerpt":{"rendered":"<p>Les for\u00eats valaisannes ont toujours occup\u00e9 une place centrale dans la vie des habitants du canton, fa\u00e7onnant l&rsquo;identit\u00e9 locale et le paysage. Aujourd&rsquo;hui, elles couvrent environ un quart du territoire cantonal et jouent un r\u00f4le vital pour notre environnement, notre \u00e9conomie et notre s\u00e9curit\u00e9. Cependant, leur avenir est confront\u00e9 \u00e0 plusieurs d\u00e9fis majeurs. Le changement [&hellip;]<\/p>","protected":false},"author":1,"featured_media":0,"parent":0,"menu_order":0,"comment_status":"closed","ping_status":"closed","template":"","meta":{"footnotes":""},"class_list":["post-962","page","type-page","status-publish","hentry"],"_links":{"self":[{"href":"https:\/\/strategie-foret.brouchoud.dev\/de\/wp-json\/wp\/v2\/pages\/962","targetHints":{"allow":["GET"]}}],"collection":[{"href":"https:\/\/strategie-foret.brouchoud.dev\/de\/wp-json\/wp\/v2\/pages"}],"about":[{"href":"https:\/\/strategie-foret.brouchoud.dev\/de\/wp-json\/wp\/v2\/types\/page"}],"author":[{"embeddable":true,"href":"https:\/\/strategie-foret.brouchoud.dev\/de\/wp-json\/wp\/v2\/users\/1"}],"replies":[{"embeddable":true,"href":"https:\/\/strategie-foret.brouchoud.dev\/de\/wp-json\/wp\/v2\/comments?post=962"}],"version-history":[{"count":2,"href":"https:\/\/strategie-foret.brouchoud.dev\/de\/wp-json\/wp\/v2\/pages\/962\/revisions"}],"predecessor-version":[{"id":986,"href":"https:\/\/strategie-foret.brouchoud.dev\/de\/wp-json\/wp\/v2\/pages\/962\/revisions\/986"}],"wp:attachment":[{"href":"https:\/\/strategie-foret.brouchoud.dev\/de\/wp-json\/wp\/v2\/media?parent=962"}],"curies":[{"name":"wp","href":"https:\/\/api.w.org\/{rel}","templated":true}]}}