{"id":822,"date":"2024-07-16T17:10:01","date_gmt":"2024-07-16T15:10:01","guid":{"rendered":"https:\/\/strategie-foret.brouchoud.dev\/?page_id=822"},"modified":"2024-07-21T23:52:23","modified_gmt":"2024-07-21T21:52:23","slug":"rechtliche-aspekte","status":"publish","type":"page","link":"https:\/\/strategie-foret.brouchoud.dev\/de\/rechtliche-aspekte\/","title":{"rendered":"Aspects juridiques"},"content":{"rendered":"<p>Analyse, wer welche aufgaben hat<\/p>\n\n\n\n<h3 class=\"wp-block-heading\">L\u00e9gislation f\u00e9d\u00e9rale<\/h3>\n\n\n\n<ul class=\"wp-block-list\">\n<li><a href=\"http:\/\/www.admin.ch\/ch\/f\/rs\/451\" target=\"_blank\" rel=\"noreferrer noopener\">451 Loi f\u00e9d\u00e9rale sur la protection de la nature et du paysage (LPN)  (Lien externe)<\/a><\/li>\n\n\n\n<li><a href=\"http:\/\/www.admin.ch\/ch\/f\/rs\/451_1\" target=\"_blank\" rel=\"noreferrer noopener\">451.1 Ordonnance sur la protection de la nature et du paysage (OPN)  (Lien externe)<\/a><\/li>\n\n\n\n<li><a href=\"http:\/\/www.admin.ch\/ch\/f\/rs\/451_31\" target=\"_blank\" rel=\"noreferrer noopener\">451.31 Ordonnance sur la protection des zones alluviales d\u2019importance nationale (Ordonnance sur les zones alluviales)  (Lien externe)<\/a><\/li>\n\n\n\n<li><a href=\"http:\/\/www.admin.ch\/ch\/f\/rs\/451_32\" target=\"_blank\" rel=\"noreferrer noopener\">451.32 Ordonnance sur la protection des hauts-marais et des marais de transition d\u2019importance nationale (Ordonnance sur les hauts-marais)  (Lien externe)<\/a><\/li>\n\n\n\n<li><a href=\"http:\/\/www.admin.ch\/ch\/f\/rs\/451_33\" target=\"_blank\" rel=\"noreferrer noopener\">451.33 Ordonnance sur la protection des bas-marais d\u2019importance nationale (Ordonnance sur les bas-marais)  (Lien externe)<\/a><\/li>\n\n\n\n<li><a href=\"http:\/\/www.admin.ch\/ch\/f\/rs\/451_34\" target=\"_blank\" rel=\"noreferrer noopener\">451.34 Ordonnance sur la protection des sites de reproduction de batraciens d\u2019importance nationale (OBat)  (Lien externe)<\/a><\/li>\n\n\n\n<li><a href=\"http:\/\/www.admin.ch\/ch\/f\/rs\/451_35\" target=\"_blank\" rel=\"noreferrer noopener\">451.35 Ordonnance sur la protection des sites mar\u00e9cageux d\u2019une beaut\u00e9 particuli\u00e8re et d\u2019importance nationale (Ordonnance sur les sites mar\u00e9cageux)  (Lien externe)<\/a><\/li>\n\n\n\n<li><a href=\"http:\/\/www.admin.ch\/ch\/f\/rs\/451_37\" target=\"_blank\" rel=\"noreferrer noopener\">451.37 Ordonnance sur la protection des prairies et p\u00e2turages secs d\u2019importance nationale (OPPPS)  (Lien externe)<\/a><\/li>\n\n\n\n<li><a href=\"http:\/\/www.admin.ch\/ch\/f\/rs\/451_36\" target=\"_blank\" rel=\"noreferrer noopener\">451.36 Ordonnance sur les parcs d\u2019importance nationale (Oparcs)  (Lien externe)<\/a><\/li>\n<\/ul>\n\n\n\n<h3 class=\"wp-block-heading\">L\u00e9gislation cantonale<\/h3>\n\n\n\n<ul class=\"wp-block-list\">\n<li><a href=\"http:\/\/lex.vs.ch\/data\/451.1\/fr\" target=\"_blank\" rel=\"noreferrer noopener\">451.1 Loi sur la protection de la nature, du paysage et des sites (LcPN)  (Lien externe)<\/a><\/li>\n\n\n\n<li><a href=\"http:\/\/lex.vs.ch\/data\/451.100\/fr\" target=\"_blank\" rel=\"noreferrer noopener\">451.100 Ordonnance sur la protection de la nature, du paysage et des sites (OcPN)  (Lien externe)<\/a><\/li>\n\n\n\n<li><a href=\"http:\/\/lex.vs.ch\/data\/451.102\/fr\" target=\"_blank\" rel=\"noreferrer noopener\">451.102 Ordonnance sur l&rsquo;octroi de contributions \u00e0 l&rsquo;exploitation agricole du sol pour des prestations en faveur de la nature et du paysage <\/a><\/li>\n<\/ul>","protected":false},"excerpt":{"rendered":"<p>Analyse, wer welche aufgaben hat L\u00e9gislation f\u00e9d\u00e9rale L\u00e9gislation cantonale<\/p>","protected":false},"author":1,"featured_media":0,"parent":0,"menu_order":0,"comment_status":"closed","ping_status":"closed","template":"","meta":{"footnotes":""},"class_list":["post-822","page","type-page","status-publish","hentry"],"_links":{"self":[{"href":"https:\/\/strategie-foret.brouchoud.dev\/de\/wp-json\/wp\/v2\/pages\/822","targetHints":{"allow":["GET"]}}],"collection":[{"href":"https:\/\/strategie-foret.brouchoud.dev\/de\/wp-json\/wp\/v2\/pages"}],"about":[{"href":"https:\/\/strategie-foret.brouchoud.dev\/de\/wp-json\/wp\/v2\/types\/page"}],"author":[{"embeddable":true,"href":"https:\/\/strategie-foret.brouchoud.dev\/de\/wp-json\/wp\/v2\/users\/1"}],"replies":[{"embeddable":true,"href":"https:\/\/strategie-foret.brouchoud.dev\/de\/wp-json\/wp\/v2\/comments?post=822"}],"version-history":[{"count":2,"href":"https:\/\/strategie-foret.brouchoud.dev\/de\/wp-json\/wp\/v2\/pages\/822\/revisions"}],"predecessor-version":[{"id":938,"href":"https:\/\/strategie-foret.brouchoud.dev\/de\/wp-json\/wp\/v2\/pages\/822\/revisions\/938"}],"wp:attachment":[{"href":"https:\/\/strategie-foret.brouchoud.dev\/de\/wp-json\/wp\/v2\/media?parent=822"}],"curies":[{"name":"wp","href":"https:\/\/api.w.org\/{rel}","templated":true}]}}