{"id":801,"date":"2024-07-16T17:02:56","date_gmt":"2024-07-16T15:02:56","guid":{"rendered":"https:\/\/strategie-foret.brouchoud.dev\/?page_id=801"},"modified":"2024-07-20T07:00:41","modified_gmt":"2024-07-20T05:00:41","slug":"use-cases","status":"publish","type":"page","link":"https:\/\/strategie-foret.brouchoud.dev\/de\/use-cases\/","title":{"rendered":"Use Cases"},"content":{"rendered":"<p>erkl\u00e4ren vorgang mti drei use cases gestestet wurde, unerschiedliche karakteristigen,<\/p>\n\n\n\n<p>karte<\/p>\n\n\n\n<p>erkl\u00e0render dri use cases<\/p>\n\n\n\n<p>unterchiede, similari\u00e4ten.<\/p>","protected":false},"excerpt":{"rendered":"<p>erkl\u00e4ren vorgang mti drei use cases gestestet wurde, unerschiedliche karakteristigen, karte erkl\u00e0render dri use cases unterchiede, similari\u00e4ten.<\/p>","protected":false},"author":1,"featured_media":0,"parent":0,"menu_order":0,"comment_status":"closed","ping_status":"closed","template":"","meta":{"footnotes":""},"class_list":["post-801","page","type-page","status-publish","hentry"],"_links":{"self":[{"href":"https:\/\/strategie-foret.brouchoud.dev\/de\/wp-json\/wp\/v2\/pages\/801","targetHints":{"allow":["GET"]}}],"collection":[{"href":"https:\/\/strategie-foret.brouchoud.dev\/de\/wp-json\/wp\/v2\/pages"}],"about":[{"href":"https:\/\/strategie-foret.brouchoud.dev\/de\/wp-json\/wp\/v2\/types\/page"}],"author":[{"embeddable":true,"href":"https:\/\/strategie-foret.brouchoud.dev\/de\/wp-json\/wp\/v2\/users\/1"}],"replies":[{"embeddable":true,"href":"https:\/\/strategie-foret.brouchoud.dev\/de\/wp-json\/wp\/v2\/comments?post=801"}],"version-history":[{"count":2,"href":"https:\/\/strategie-foret.brouchoud.dev\/de\/wp-json\/wp\/v2\/pages\/801\/revisions"}],"predecessor-version":[{"id":933,"href":"https:\/\/strategie-foret.brouchoud.dev\/de\/wp-json\/wp\/v2\/pages\/801\/revisions\/933"}],"wp:attachment":[{"href":"https:\/\/strategie-foret.brouchoud.dev\/de\/wp-json\/wp\/v2\/media?parent=801"}],"curies":[{"name":"wp","href":"https:\/\/api.w.org\/{rel}","templated":true}]}}