{"id":789,"date":"2024-07-16T16:12:53","date_gmt":"2024-07-16T14:12:53","guid":{"rendered":"https:\/\/strategie-foret.brouchoud.dev\/?page_id=789"},"modified":"2025-07-23T06:09:29","modified_gmt":"2025-07-23T04:09:29","slug":"page-daccueil","status":"publish","type":"page","link":"https:\/\/strategie-foret.brouchoud.dev\/de\/","title":{"rendered":"La for\u00eat"},"content":{"rendered":"<figure class=\"wp-block-gallery aligncenter has-nested-images columns-default is-cropped wp-block-gallery-1 is-layout-flex wp-block-gallery-is-layout-flex\">\n<figure class=\"wp-block-image size-large\"><img loading=\"lazy\" decoding=\"async\" width=\"1024\" height=\"683\" data-id=\"901\" src=\"https:\/\/strategie-foret.brouchoud.dev\/wp-content\/uploads\/2024\/07\/sp-p7uut0tw-1024x683.jpg\" alt=\"trees on forest with sun rays\" class=\"wp-image-901\" srcset=\"https:\/\/strategie-foret.brouchoud.dev\/wp-content\/uploads\/2024\/07\/sp-p7uut0tw-1024x683.jpg 1024w, https:\/\/strategie-foret.brouchoud.dev\/wp-content\/uploads\/2024\/07\/sp-p7uut0tw-300x200.jpg 300w, https:\/\/strategie-foret.brouchoud.dev\/wp-content\/uploads\/2024\/07\/sp-p7uut0tw-768x512.jpg 768w, https:\/\/strategie-foret.brouchoud.dev\/wp-content\/uploads\/2024\/07\/sp-p7uut0tw-1536x1024.jpg 1536w, https:\/\/strategie-foret.brouchoud.dev\/wp-content\/uploads\/2024\/07\/sp-p7uut0tw-380x253.jpg 380w, https:\/\/strategie-foret.brouchoud.dev\/wp-content\/uploads\/2024\/07\/sp-p7uut0tw.jpg 1600w\" sizes=\"auto, (max-width: 1024px) 100vw, 1024px\" \/><figcaption class=\"wp-element-caption\"><strong>Strat\u00e9gie for\u00eat Valais<\/strong><\/figcaption><\/figure>\n<\/figure>\n\n\n\n<div class=\"wp-block-buttons is-layout-flex wp-block-buttons-is-layout-flex\">\n<div class=\"wp-block-button\"><a class=\"wp-block-button__link wp-element-button\" href=\"https:\/\/strategie-foret.brouchoud.dev\/de\/le-projet\/\">Le Projet<\/a><\/div>\n\n\n\n<div class=\"wp-block-button\"><a class=\"wp-block-button__link wp-element-button\">Les Concepts<\/a><\/div>\n\n\n\n<div class=\"wp-block-button\"><a class=\"wp-block-button__link wp-element-button\">La For\u00eat en Valais<\/a><\/div>\n\n\n\n<div class=\"wp-block-button\"><a class=\"wp-block-button__link wp-element-button\">Les Partenaires<\/a><\/div>\n<\/div>\n\n\n\n<h2 class=\"wp-block-heading\">Der Wald im Kanton Wallis<\/h2>\n\n\n\n<p>La for\u00eat valaisanne est un tr\u00e9sor collectif essentiel pour l\u2019environnement, la s\u00e9curit\u00e9 et l\u2019\u00e9conomie du canton. Elle prot\u00e8ge nos villages contre les avalanches, chutes de pierres et crues torrentielles, abrite une riche biodiversit\u00e9, stocke du carbone et fournit du bois, une ressource renouvelable pr\u00e9cieuse. <\/p>\n\n\n\n<p>La for\u00eat est par nature multifonctionnelle\u00a0: elle remplit simultan\u00e9ment plusieurs r\u00f4les essentiels. Elle nous prot\u00e8ge des dangers naturels comme les avalanches et les chutes de pierres, pr\u00e9serve la biodiversit\u00e9, produit du bois durable, et offre des espaces de loisirs et de d\u00e9tente tr\u00e8s appr\u00e9ci\u00e9s par les habitants et visiteurs. La gestion durable des for\u00eats consiste pr\u00e9cis\u00e9ment \u00e0 trouver un \u00e9quilibre entre toutes ces fonctions afin que chacune puisse \u00eatre assur\u00e9e sans compromettre les autres. Ainsi, le projet Strat\u00e9gie For\u00eat se base sur cette vision int\u00e9gr\u00e9e pour assurer un avenir \u00e9quilibr\u00e9 et durable \u00e0 nos espaces forestiers.<\/p>\n\n\n\n<p>Actuellement, les for\u00eats couvrent pr\u00e8s<strong> <\/strong>de 130\u202f000 hectares du territoire cantonal (environ un quart du Valais), et continuent de s\u2019\u00e9tendre d\u2019environ 1\u202f000 ha par an. Cette expansion naturelle renforce la protection contre les dangers naturels et augmente les r\u00e9serves de bois, tout en am\u00e9liorant la s\u00e9questration de CO\u2082 et la pr\u00e9servation de l\u2019eau potable. Les for\u00eats sont \u00e9galement des lieux de d\u00e9tente tr\u00e8s appr\u00e9ci\u00e9s des habitants et des visiteurs.<\/p>\n\n\n\n<p>Face aux d\u00e9fis du changement climatique, de l\u2019\u00e9volution des usages et des nouvelles opportunit\u00e9s locales, le Canton du Valais a lanc\u00e9 le projet \u00ab\u202fStrat\u00e9gie For\u00eat\u202f\u00bb pour optimiser la gestion de ses for\u00eats dans une perspective durable. Ce projet s\u2019inscrit dans la d\u00e9marche de l\u2019Agenda 2030 cantonal, qui promeut des initiatives innovantes en faveur du d\u00e9veloppement durable avec une forte participation citoyenne. La nouvelle strat\u00e9gie vise \u00e0 exploiter au mieux tous les potentiels de la for\u00eat valaisanne <em>tout en pr\u00e9servant ses fonctions vitales<\/em>, afin que nos for\u00eats continuent de fournir de multiples services \u2013 protection du territoire, production de bois, loisirs en plein air, patrimoine naturel \u2013 sans compromettre leur p\u00e9rennit\u00e9.<\/p>\n\n\n\n<p>Strat\u00e9gie For\u00eat mise sur une approche participative et innovante pour construire une vision \u00e0 long terme o\u00f9 la for\u00eat est g\u00e9r\u00e9e collectivement au service du bien commun. Ce site web a pour vocation d\u2019informer, en langage simple, les citoyennes et citoyens int\u00e9ress\u00e9s sur cette strat\u00e9gie cantonale. Vous y d\u00e9couvrirez les objectifs \u00e9cologiques, \u00e9conomiques et sociaux fix\u00e9s, la vision qui guide le projet, la m\u00e9thodologie collaborative employ\u00e9e, les diff\u00e9rentes fonctions de la for\u00eat et leur importance, les d\u00e9fis et tendances auxquels nos for\u00eats font face, ainsi que les mesures strat\u00e9giques envisag\u00e9es pour y r\u00e9pondre. Le tout, sans jargon technique, afin que chacun puisse comprendre les enjeux et participer \u00e0 imaginer l\u2019avenir de nos for\u00eats.<\/p>\n\n\n\n<p><\/p>","protected":false},"excerpt":{"rendered":"<p>La for\u00eat en Valais La for\u00eat valaisanne est un tr\u00e9sor collectif essentiel pour l\u2019environnement, la s\u00e9curit\u00e9 et l\u2019\u00e9conomie du canton. Elle prot\u00e8ge nos villages contre les avalanches, chutes de pierres et crues torrentielles, abrite une riche biodiversit\u00e9, stocke du carbone et fournit du bois, une ressource renouvelable pr\u00e9cieuse. La for\u00eat est par nature multifonctionnelle\u00a0: elle [&hellip;]<\/p>","protected":false},"author":1,"featured_media":0,"parent":0,"menu_order":0,"comment_status":"closed","ping_status":"closed","template":"","meta":{"footnotes":""},"class_list":["post-789","page","type-page","status-publish","hentry"],"_links":{"self":[{"href":"https:\/\/strategie-foret.brouchoud.dev\/de\/wp-json\/wp\/v2\/pages\/789","targetHints":{"allow":["GET"]}}],"collection":[{"href":"https:\/\/strategie-foret.brouchoud.dev\/de\/wp-json\/wp\/v2\/pages"}],"about":[{"href":"https:\/\/strategie-foret.brouchoud.dev\/de\/wp-json\/wp\/v2\/types\/page"}],"author":[{"embeddable":true,"href":"https:\/\/strategie-foret.brouchoud.dev\/de\/wp-json\/wp\/v2\/users\/1"}],"replies":[{"embeddable":true,"href":"https:\/\/strategie-foret.brouchoud.dev\/de\/wp-json\/wp\/v2\/comments?post=789"}],"version-history":[{"count":7,"href":"https:\/\/strategie-foret.brouchoud.dev\/de\/wp-json\/wp\/v2\/pages\/789\/revisions"}],"predecessor-version":[{"id":979,"href":"https:\/\/strategie-foret.brouchoud.dev\/de\/wp-json\/wp\/v2\/pages\/789\/revisions\/979"}],"wp:attachment":[{"href":"https:\/\/strategie-foret.brouchoud.dev\/de\/wp-json\/wp\/v2\/media?parent=789"}],"curies":[{"name":"wp","href":"https:\/\/api.w.org\/{rel}","templated":true}]}}