{"id":724,"date":"2010-09-15T05:33:46","date_gmt":"2010-09-15T03:33:46","guid":{"rendered":"http:\/\/elegantthemes.com\/preview\/DeepFocus\/?page_id=2"},"modified":"2025-07-23T06:55:45","modified_gmt":"2025-07-23T04:55:45","slug":"about-2","status":"publish","type":"page","link":"https:\/\/strategie-foret.brouchoud.dev\/de\/about-2\/","title":{"rendered":"Der Wald im Kanton Wallis"},"content":{"rendered":"<p>Les for\u00eats valaisannes ne se r\u00e9sument pas simplement \u00e0 un ensemble d\u2019arbres : ce sont des \u00e9cosyst\u00e8mes vivants qui jouent un r\u00f4le essentiel dans notre vie quotidienne. Elles nous prot\u00e8gent des avalanches, des chutes de pierres et des inondations, stockent du carbone et offrent un habitat pr\u00e9cieux \u00e0 de nombreuses esp\u00e8ces animales et v\u00e9g\u00e9tales. Source de mati\u00e8res premi\u00e8res renouvelables, la for\u00eat soutient \u00e9galement l\u2019\u00e9conomie locale en fournissant du bois pour la construction, le chauffage et divers produits naturels.<\/p>\n\n\n\n<p>Dans le canton du Valais, la for\u00eat couvre environ 130\u202f000 hectares et continue de s\u2019\u00e9tendre chaque ann\u00e9e d\u2019environ 1\u202f000 hectares. Cette expansion naturelle renforce encore davantage la protection contre les dangers naturels et augmente la capacit\u00e9 de stockage de CO\u2082 de la r\u00e9gion. De plus, nos for\u00eats sont des espaces de loisirs tr\u00e8s appr\u00e9ci\u00e9s, qui offrent aux habitants et visiteurs des possibilit\u00e9s de d\u00e9tente, de sport et de ressourcement.<\/p>\n\n\n\n<p>Cependant, nos for\u00eats font face \u00e0 plusieurs d\u00e9fis importants : changement climatique, perte de biodiversit\u00e9 et demande croissante en bois n\u00e9cessitent de nouvelles approches pour assurer leur gestion durable. Avec la \u00ab\u202fStrat\u00e9gie For\u00eat Valais\u202f\u00bb, nous adoptons ainsi une approche int\u00e9gr\u00e9e qui combine objectifs \u00e9cologiques, \u00e9conomiques et sociaux. Notre but est de garantir que les for\u00eats restent saines, r\u00e9silientes et durables afin que tous les Valaisans puissent en b\u00e9n\u00e9ficier aujourd\u2019hui et dans le futur.<\/p>\n\n\n\n<p><\/p>","protected":false},"excerpt":{"rendered":"<p>Les for\u00eats valaisannes ne se r\u00e9sument pas simplement \u00e0 un ensemble d\u2019arbres : ce sont des \u00e9cosyst\u00e8mes vivants qui jouent un r\u00f4le essentiel dans notre vie quotidienne. Elles nous prot\u00e8gent des avalanches, des chutes de pierres et des inondations, stockent du carbone et offrent un habitat pr\u00e9cieux \u00e0 de nombreuses esp\u00e8ces animales et v\u00e9g\u00e9tales. Source [&hellip;]<\/p>","protected":false},"author":1,"featured_media":0,"parent":0,"menu_order":0,"comment_status":"closed","ping_status":"open","template":"","meta":{"footnotes":""},"class_list":["post-724","page","type-page","status-publish","hentry"],"_links":{"self":[{"href":"https:\/\/strategie-foret.brouchoud.dev\/de\/wp-json\/wp\/v2\/pages\/724","targetHints":{"allow":["GET"]}}],"collection":[{"href":"https:\/\/strategie-foret.brouchoud.dev\/de\/wp-json\/wp\/v2\/pages"}],"about":[{"href":"https:\/\/strategie-foret.brouchoud.dev\/de\/wp-json\/wp\/v2\/types\/page"}],"author":[{"embeddable":true,"href":"https:\/\/strategie-foret.brouchoud.dev\/de\/wp-json\/wp\/v2\/users\/1"}],"replies":[{"embeddable":true,"href":"https:\/\/strategie-foret.brouchoud.dev\/de\/wp-json\/wp\/v2\/comments?post=724"}],"version-history":[{"count":8,"href":"https:\/\/strategie-foret.brouchoud.dev\/de\/wp-json\/wp\/v2\/pages\/724\/revisions"}],"predecessor-version":[{"id":985,"href":"https:\/\/strategie-foret.brouchoud.dev\/de\/wp-json\/wp\/v2\/pages\/724\/revisions\/985"}],"wp:attachment":[{"href":"https:\/\/strategie-foret.brouchoud.dev\/de\/wp-json\/wp\/v2\/media?parent=724"}],"curies":[{"name":"wp","href":"https:\/\/api.w.org\/{rel}","templated":true}]}}